{"id":657,"date":"2024-05-20T08:28:36","date_gmt":"2024-05-20T08:28:36","guid":{"rendered":"https:\/\/arkosps.com\/armazenamento\/bobinas-de-cintagem\/"},"modified":"2024-09-25T11:58:19","modified_gmt":"2024-09-25T11:58:19","slug":"bobinas-de-cintagem","status":"publish","type":"page","link":"https:\/\/arkosps.com\/pt-pt\/armazenamento\/bobinas-de-cintagem\/","title":{"rendered":"Bobinas de cintagem"},"content":{"rendered":"<p>[et_pb_section fb_built=&#8221;1&#8243; _builder_version=&#8221;4.25.0&#8243; _module_preset=&#8221;default&#8221; use_background_color_gradient=&#8221;on&#8221; background_color_gradient_stops=&#8221;rgba(15,0,0,0.29) 1%|rgba(10,0,0,0.34) 100%&#8221; background_color_gradient_overlays_image=&#8221;on&#8221; background_image=&#8221;https:\/\/arkosps.com\/wp-content\/uploads\/2024\/05\/Coilwedge2-ByN.jpg&#8221; custom_padding=&#8221;80px||80px|||&#8221; global_colors_info=&#8221;{}&#8221;][et_pb_row _builder_version=&#8221;4.25.0&#8243; _module_preset=&#8221;default&#8221; global_colors_info=&#8221;{}&#8221;][et_pb_column type=&#8221;4_4&#8243; _builder_version=&#8221;4.25.0&#8243; _module_preset=&#8221;default&#8221; global_colors_info=&#8221;{}&#8221;][et_pb_text _builder_version=&#8221;4.25.0&#8243; _module_preset=&#8221;default&#8221; header_font=&#8221;|700|||||||&#8221; header_text_color=&#8221;#FFFFFF&#8221; header_font_size=&#8221;60px&#8221; hover_enabled=&#8221;0&#8243; global_colors_info=&#8221;{}&#8221; header_font_size_last_edited=&#8221;on|phone&#8221; header_font_size_phone=&#8221;33px&#8221; sticky_enabled=&#8221;0&#8243; header_font_size_tablet=&#8221;60px&#8221;]<\/p>\n<h1 style=\"text-align: center;\">Sistemas para o armazenamento de Slit Coils<\/h1>\n<p>[\/et_pb_text][\/et_pb_column][\/et_pb_row][\/et_pb_section][et_pb_section fb_built=&#8221;1&#8243; _builder_version=&#8221;4.25.0&#8243; _module_preset=&#8221;default&#8221; custom_padding=&#8221;14px||66px|||&#8221; global_colors_info=&#8221;{}&#8221;][et_pb_row column_structure=&#8221;1_3,1_3,1_3&#8243; _builder_version=&#8221;4.25.0&#8243; _module_preset=&#8221;default&#8221; custom_margin=&#8221;7px|auto||auto||&#8221; global_colors_info=&#8221;{}&#8221;][et_pb_column type=&#8221;1_3&#8243; _builder_version=&#8221;4.25.0&#8243; _module_preset=&#8221;default&#8221; custom_padding=&#8221;||||false|false&#8221; global_colors_info=&#8221;{}&#8221;][et_pb_image src=&#8221;https:\/\/arkosps.com\/wp-content\/uploads\/2024\/05\/11.jpg&#8221; title_text=&#8221;11&#8243; _builder_version=&#8221;4.25.0&#8243; _module_preset=&#8221;default&#8221; box_shadow_style=&#8221;preset4&#8243; box_shadow_horizontal=&#8221;25px&#8221; box_shadow_vertical=&#8221;20px&#8221; box_shadow_color=&#8221;#f2f2f2&#8243; global_colors_info=&#8221;{}&#8221;][\/et_pb_image][et_pb_text _builder_version=&#8221;4.25.0&#8243; _module_preset=&#8221;default&#8221; text_font=&#8221;Mulish|900|||||||&#8221; text_text_color=&#8221;#0a0a0a&#8221; text_font_size=&#8221;22px&#8221; global_colors_info=&#8221;{}&#8221;]<\/p>\n<p style=\"text-align: center;\">M\u00d3DULO ALFOMBRA<\/p>\n<p>[\/et_pb_text][et_pb_text _builder_version=&#8221;4.25.0&#8243; _module_preset=&#8221;default&#8221; text_font=&#8221;Roboto|300|||||||&#8221; text_text_color=&#8221;#0a0a0a&#8221; text_font_size=&#8221;16px&#8221; custom_margin=&#8221;|15px|15px|15px|false|false&#8221; global_colors_info=&#8221;{}&#8221;]<\/p>\n<p>Sistema pronto para uso.<br \/>Para armazenamento sem empilhamento, di\u00e2metro das bobinas at\u00e9 2.250 mm, largura das bobinas &gt; 10 mm, capacidade de carga at\u00e9 50 toneladas.<\/p>\n<p>[\/et_pb_text][\/et_pb_column][et_pb_column type=&#8221;1_3&#8243; _builder_version=&#8221;4.25.0&#8243; _module_preset=&#8221;default&#8221; custom_padding=&#8221;||||false|false&#8221; global_colors_info=&#8221;{}&#8221;][et_pb_image src=&#8221;https:\/\/arkosps.com\/wp-content\/uploads\/2024\/05\/107_0771bew.jpg&#8221; title_text=&#8221;107_0771bew&#8221; _builder_version=&#8221;4.25.0&#8243; _module_preset=&#8221;default&#8221; box_shadow_style=&#8221;preset4&#8243; box_shadow_horizontal=&#8221;25px&#8221; box_shadow_vertical=&#8221;20px&#8221; box_shadow_color=&#8221;#f2f2f2&#8243; global_colors_info=&#8221;{}&#8221;][\/et_pb_image][et_pb_text _builder_version=&#8221;4.25.0&#8243; _module_preset=&#8221;default&#8221; text_font=&#8221;Mulish|900|||||||&#8221; text_text_color=&#8221;#0a0a0a&#8221; text_font_size=&#8221;22px&#8221; global_colors_info=&#8221;{}&#8221;]<\/p>\n<p style=\"text-align: center;\">M\u00d3DULO SB<\/p>\n<p>[\/et_pb_text][et_pb_text _builder_version=&#8221;4.25.0&#8243; _module_preset=&#8221;default&#8221; text_font=&#8221;Roboto|300|||||||&#8221; text_text_color=&#8221;#0a0a0a&#8221; text_font_size=&#8221;16px&#8221; custom_margin=&#8221;|15px|15px|15px|false|false&#8221; global_colors_info=&#8221;{}&#8221;]<\/p>\n<p>Sistema pronto para uso.<br \/>Para armazenamento sem empilhamento, di\u00e2metro das bobinas at\u00e9 2.250 mm, largura das bobinas &gt; 10 mm, capacidade de carga at\u00e9 60 toneladas.<\/p>\n<p>[\/et_pb_text][\/et_pb_column][et_pb_column type=&#8221;1_3&#8243; _builder_version=&#8221;4.25.0&#8243; _module_preset=&#8221;default&#8221; custom_padding=&#8221;||||false|false&#8221; global_colors_info=&#8221;{}&#8221;][et_pb_image src=&#8221;https:\/\/arkosps.com\/wp-content\/uploads\/2024\/05\/Coilwedge.jpg&#8221; title_text=&#8221;Coilwedge&#8221; _builder_version=&#8221;4.25.0&#8243; _module_preset=&#8221;default&#8221; custom_margin=&#8221;7px||37px|||&#8221; custom_padding=&#8221;22px|||||&#8221; box_shadow_style=&#8221;preset4&#8243; box_shadow_horizontal=&#8221;25px&#8221; box_shadow_vertical=&#8221;20px&#8221; box_shadow_color=&#8221;#f2f2f2&#8243; global_colors_info=&#8221;{}&#8221;][\/et_pb_image][et_pb_text _builder_version=&#8221;4.25.0&#8243; _module_preset=&#8221;default&#8221; text_font=&#8221;Mulish|900|||||||&#8221; text_text_color=&#8221;#0a0a0a&#8221; text_font_size=&#8221;22px&#8221; custom_margin=&#8221;22px|||||&#8221; global_colors_info=&#8221;{}&#8221;]<\/p>\n<p style=\"text-align: center;\">COILWEDGES<\/p>\n<p>[\/et_pb_text][et_pb_text _builder_version=&#8221;4.25.0&#8243; _module_preset=&#8221;default&#8221; text_font=&#8221;Roboto|300|||||||&#8221; text_text_color=&#8221;#0a0a0a&#8221; text_font_size=&#8221;16px&#8221; custom_margin=&#8221;|15px|15px|15px|false|false&#8221; global_colors_info=&#8221;{}&#8221;]<\/p>\n<p>Cunhas para armazenamento sem empilhamento, capacidade de carga at\u00e9 50 toneladas.<\/p>\n<p>[\/et_pb_text][\/et_pb_column][\/et_pb_row][\/et_pb_section][et_pb_section fb_built=&#8221;1&#8243; _builder_version=&#8221;4.25.0&#8243; _module_preset=&#8221;default&#8221; background_color=&#8221;#d9bc12&#8243; custom_padding=&#8221;0px||1px|||&#8221; global_colors_info=&#8221;{}&#8221;][et_pb_row column_structure=&#8221;3_5,2_5&#8243; _builder_version=&#8221;4.25.0&#8243; _module_preset=&#8221;default&#8221; global_colors_info=&#8221;{}&#8221;][et_pb_column type=&#8221;3_5&#8243; _builder_version=&#8221;4.25.0&#8243; _module_preset=&#8221;default&#8221; global_colors_info=&#8221;{}&#8221;][et_pb_text _builder_version=&#8221;4.25.0&#8243; _module_preset=&#8221;default&#8221; text_font=&#8221;Roboto|500|||||||&#8221; text_text_color=&#8221;#0a0a0a&#8221; text_font_size=&#8221;32px&#8221; text_orientation=&#8221;right&#8221; custom_margin=&#8221;13px|||||&#8221; hover_enabled=&#8221;0&#8243; global_colors_info=&#8221;{}&#8221; text_font_size_last_edited=&#8221;on|phone&#8221; text_font_size_phone=&#8221;18px&#8221; sticky_enabled=&#8221;0&#8243; text_font_size_tablet=&#8221;32px&#8221;]<\/p>\n<p>Solicita o nosso cat\u00e1logo de produtos<\/p>\n<p>[\/et_pb_text][\/et_pb_column][et_pb_column type=&#8221;2_5&#8243; _builder_version=&#8221;4.25.0&#8243; _module_preset=&#8221;default&#8221; global_colors_info=&#8221;{}&#8221;][et_pb_button button_url=&#8221;@ET-DC@eyJkeW5hbWljIjp0cnVlLCJjb250ZW50IjoicG9zdF9saW5rX3VybF9wYWdlIiwic2V0dGluZ3MiOnsicG9zdF9pZCI6IjgzIiwiZW5hYmxlX2h0bWwiOiJvZmYifX0=@&#8221; button_text=&#8221;Solicita o cat\u00e1logo&#8221; _builder_version=&#8221;4.25.0&#8243; _dynamic_attributes=&#8221;button_url&#8221; _module_preset=&#8221;default&#8221; custom_button=&#8221;on&#8221; button_text_color=&#8221;#0a0a0a&#8221; global_colors_info=&#8221;{}&#8221;][\/et_pb_button][\/et_pb_column][\/et_pb_row][\/et_pb_section]<\/p>\n","protected":false},"excerpt":{"rendered":"<p>Sistemas para o armazenamento de Slit CoilsM\u00d3DULO ALFOMBRASistema pronto para uso.Para armazenamento sem empilhamento, di\u00e2metro das bobinas at\u00e9 2.250 mm, largura das bobinas &gt; 10 mm, capacidade de carga at\u00e9 50 toneladas.M\u00d3DULO SBSistema pronto para uso.Para armazenamento sem empilhamento, di\u00e2metro das bobinas at\u00e9 2.250 mm, largura das bobinas &gt; 10 mm, capacidade de carga at\u00e9 [&hellip;]<\/p>\n","protected":false},"author":1,"featured_media":0,"parent":654,"menu_order":0,"comment_status":"closed","ping_status":"closed","template":"","meta":{"_et_pb_use_builder":"on","_et_pb_old_content":"","_et_gb_content_width":"","footnotes":""},"class_list":["post-657","page","type-page","status-publish","hentry"],"_links":{"self":[{"href":"https:\/\/arkosps.com\/pt-pt\/wp-json\/wp\/v2\/pages\/657","targetHints":{"allow":["GET"]}}],"collection":[{"href":"https:\/\/arkosps.com\/pt-pt\/wp-json\/wp\/v2\/pages"}],"about":[{"href":"https:\/\/arkosps.com\/pt-pt\/wp-json\/wp\/v2\/types\/page"}],"author":[{"embeddable":true,"href":"https:\/\/arkosps.com\/pt-pt\/wp-json\/wp\/v2\/users\/1"}],"replies":[{"embeddable":true,"href":"https:\/\/arkosps.com\/pt-pt\/wp-json\/wp\/v2\/comments?post=657"}],"version-history":[{"count":5,"href":"https:\/\/arkosps.com\/pt-pt\/wp-json\/wp\/v2\/pages\/657\/revisions"}],"predecessor-version":[{"id":809,"href":"https:\/\/arkosps.com\/pt-pt\/wp-json\/wp\/v2\/pages\/657\/revisions\/809"}],"up":[{"embeddable":true,"href":"https:\/\/arkosps.com\/pt-pt\/wp-json\/wp\/v2\/pages\/654"}],"wp:attachment":[{"href":"https:\/\/arkosps.com\/pt-pt\/wp-json\/wp\/v2\/media?parent=657"}],"curies":[{"name":"wp","href":"https:\/\/api.w.org\/{rel}","templated":true}]}}