{"id":664,"date":"2024-05-20T08:50:50","date_gmt":"2024-05-20T08:50:50","guid":{"rendered":"https:\/\/arkosps.com\/armazenamento\/geomembranas\/"},"modified":"2024-09-11T11:28:32","modified_gmt":"2024-09-11T11:28:32","slug":"geomembranas","status":"publish","type":"page","link":"https:\/\/arkosps.com\/pt-pt\/armazenamento\/geomembranas\/","title":{"rendered":"Geomembranas"},"content":{"rendered":"<p>[et_pb_section fb_built=&#8221;1&#8243; _builder_version=&#8221;4.25.0&#8243; _module_preset=&#8221;default&#8221; use_background_color_gradient=&#8221;on&#8221; background_color_gradient_stops=&#8221;rgba(15,0,0,0.72) 1%|rgba(10,0,0,0.62) 99%&#8221; background_color_gradient_overlays_image=&#8221;on&#8221; background_image=&#8221;https:\/\/arkosps.com\/wp-content\/uploads\/2024\/04\/0-74039b5a-8b6f-4a49-9275-5e15be0dbd9c-1920&#215;1080.jpg&#8221; custom_padding=&#8221;56px||46px|||&#8221; global_colors_info=&#8221;{}&#8221;][et_pb_row _builder_version=&#8221;4.25.0&#8243; _module_preset=&#8221;default&#8221; global_colors_info=&#8221;{}&#8221;][et_pb_column type=&#8221;4_4&#8243; _builder_version=&#8221;4.25.0&#8243; _module_preset=&#8221;default&#8221; global_colors_info=&#8221;{}&#8221;][et_pb_text _builder_version=&#8221;4.25.0&#8243; _module_preset=&#8221;default&#8221; header_font=&#8221;|700|||||||&#8221; header_text_color=&#8221;#FFFFFF&#8221; header_font_size=&#8221;60px&#8221; global_colors_info=&#8221;{}&#8221;]<\/p>\n<h1 style=\"text-align: center;\">Sistemas de armazenamento para bobinas de filme, geomembranas e geomembranas<\/h1>\n<p>[\/et_pb_text][\/et_pb_column][\/et_pb_row][\/et_pb_section][et_pb_section fb_built=&#8221;1&#8243; _builder_version=&#8221;4.25.0&#8243; _module_preset=&#8221;default&#8221; custom_padding=&#8221;42px||63px|||&#8221; global_colors_info=&#8221;{}&#8221;][et_pb_row column_structure=&#8221;1_2,1_2&#8243; _builder_version=&#8221;4.25.0&#8243; _module_preset=&#8221;default&#8221; custom_padding=&#8221;||14px|||&#8221; global_colors_info=&#8221;{}&#8221;][et_pb_column type=&#8221;1_2&#8243; _builder_version=&#8221;4.25.0&#8243; _module_preset=&#8221;default&#8221; global_colors_info=&#8221;{}&#8221;][et_pb_text _builder_version=&#8221;4.25.0&#8243; _module_preset=&#8221;default&#8221; text_font=&#8221;Roboto|300|||||||&#8221; text_font_size=&#8221;16px&#8221; hover_enabled=&#8221;0&#8243; global_colors_info=&#8221;{}&#8221; sticky_enabled=&#8221;0&#8243;]<\/p>\n<h3><strong>Sistemas de armazenamento para bobinas de filme, geomembranas e tubos de grande di\u00e2metro<\/strong><\/h3>\n<p>&nbsp;<\/p>\n<p style=\"font-weight: 400;\">O sistema \u00e9 constitu\u00eddo basicamente por 2 elementos: uma calha refor\u00e7ada com entalhes onde s\u00e3o colocadas as cunhas, que podem ser colocadas a diferentes dist\u00e2ncias umas das outras, em fun\u00e7\u00e3o do di\u00e2metro das bobinas.<\/p>\n<p style=\"font-weight: 400;\"><u>Carater\u00edsticas:<\/u><\/p>\n<p style=\"font-weight: 400;\"><u><\/u><\/p>\n<ul>\n<li style=\"font-weight: 400;\"><span><\/span>Melhorar a seguran\u00e7a do pessoal<\/li>\n<li style=\"font-weight: 400;\"><span><\/span>F\u00e1cil de ajustar para diferentes di\u00e2metros<\/li>\n<li style=\"font-weight: 400;\"><span><\/span>Seguro para qualquer superf\u00edcie revestida<\/li>\n<li style=\"font-weight: 400;\"><span><\/span>Um \u00fanico fornecedor para todo o sistema (chave na m\u00e3o)<\/li>\n<li style=\"font-weight: 400;\"><span><\/span>N\u00e3o necessita de equipamento especial para a instala\u00e7\u00e3o<\/li>\n<li style=\"font-weight: 400;\"><span><\/span>Instala\u00e7\u00e3o r\u00e1pida e f\u00e1cil<\/li>\n<li style=\"font-weight: 400;\"><span><\/span>Alta durabilidade, longa vida \u00fatil<\/li>\n<li style=\"font-weight: 400;\"><span><\/span>N\u00e3o absorve \u00f3leos e humidade<\/li>\n<\/ul>\n<p>[\/et_pb_text][\/et_pb_column][et_pb_column type=&#8221;1_2&#8243; _builder_version=&#8221;4.25.0&#8243; _module_preset=&#8221;default&#8221; global_colors_info=&#8221;{}&#8221;][et_pb_image src=&#8221;https:\/\/arkosps.com\/wp-content\/uploads\/2024\/05\/sistemas-para-almacenar-bobinas-de-film-geomembranas1.jpg&#8221; title_text=&#8221;sistemas de armazenamento de bobinas de filme, geomembranas1&#8243; _builder_version=&#8221;4.25.0&#8243; _module_preset=&#8221;default&#8221; global_colors_info=&#8221;{}&#8221;][\/et_pb_image][\/et_pb_column][\/et_pb_row][\/et_pb_section][et_pb_section fb_built=&#8221;1&#8243; _builder_version=&#8221;4.25.0&#8243; _module_preset=&#8221;default&#8221; background_color=&#8221;#d9bc12&#8243; custom_padding=&#8221;0px||1px|||&#8221; global_colors_info=&#8221;{}&#8221;][et_pb_row column_structure=&#8221;3_5,2_5&#8243; _builder_version=&#8221;4.25.0&#8243; _module_preset=&#8221;default&#8221; global_colors_info=&#8221;{}&#8221;][et_pb_column type=&#8221;3_5&#8243; _builder_version=&#8221;4.25.0&#8243; _module_preset=&#8221;default&#8221; global_colors_info=&#8221;{}&#8221;][et_pb_text _builder_version=&#8221;4.25.0&#8243; _module_preset=&#8221;default&#8221; text_font=&#8221;Roboto|500|||||||&#8221; text_text_color=&#8221;#0a0a0a&#8221; text_font_size=&#8221;32px&#8221; text_orientation=&#8221;right&#8221; custom_margin=&#8221;13px|||||&#8221; global_colors_info=&#8221;{}&#8221;]<\/p>\n<p>Solicita o nosso cat\u00e1logo de produtos<\/p>\n<p>[\/et_pb_text][\/et_pb_column][et_pb_column type=&#8221;2_5&#8243; _builder_version=&#8221;4.25.0&#8243; _module_preset=&#8221;default&#8221; global_colors_info=&#8221;{}&#8221;][et_pb_button button_url=&#8221;@ET-DC@eyJkeW5hbWljIjp0cnVlLCJjb250ZW50IjoicG9zdF9saW5rX3VybF9wYWdlIiwic2V0dGluZ3MiOnsicG9zdF9pZCI6IjgzIiwiZW5hYmxlX2h0bWwiOiJvZmYifX0=@&#8221; button_text=&#8221;Solicita o cat\u00e1logo&#8221; _builder_version=&#8221;4.25.0&#8243; _dynamic_attributes=&#8221;button_url&#8221; _module_preset=&#8221;default&#8221; custom_button=&#8221;on&#8221; button_text_color=&#8221;#0a0a0a&#8221; global_colors_info=&#8221;{}&#8221;][\/et_pb_button][\/et_pb_column][\/et_pb_row][\/et_pb_section]<\/p>\n","protected":false},"excerpt":{"rendered":"<p>Sistemas de armazenamento para bobinas de filme, geomembranas e geomembranasSistemas de armazenamento para bobinas de filme, geomembranas e tubos de grande di\u00e2metro &nbsp; O sistema \u00e9 constitu\u00eddo basicamente por 2 elementos: uma calha refor\u00e7ada com entalhes onde s\u00e3o colocadas as cunhas, que podem ser colocadas a diferentes dist\u00e2ncias umas das outras, em fun\u00e7\u00e3o do di\u00e2metro [&hellip;]<\/p>\n","protected":false},"author":1,"featured_media":0,"parent":654,"menu_order":0,"comment_status":"closed","ping_status":"closed","template":"","meta":{"_et_pb_use_builder":"on","_et_pb_old_content":"","_et_gb_content_width":"","footnotes":""},"class_list":["post-664","page","type-page","status-publish","hentry"],"_links":{"self":[{"href":"https:\/\/arkosps.com\/pt-pt\/wp-json\/wp\/v2\/pages\/664","targetHints":{"allow":["GET"]}}],"collection":[{"href":"https:\/\/arkosps.com\/pt-pt\/wp-json\/wp\/v2\/pages"}],"about":[{"href":"https:\/\/arkosps.com\/pt-pt\/wp-json\/wp\/v2\/types\/page"}],"author":[{"embeddable":true,"href":"https:\/\/arkosps.com\/pt-pt\/wp-json\/wp\/v2\/users\/1"}],"replies":[{"embeddable":true,"href":"https:\/\/arkosps.com\/pt-pt\/wp-json\/wp\/v2\/comments?post=664"}],"version-history":[{"count":2,"href":"https:\/\/arkosps.com\/pt-pt\/wp-json\/wp\/v2\/pages\/664\/revisions"}],"predecessor-version":[{"id":666,"href":"https:\/\/arkosps.com\/pt-pt\/wp-json\/wp\/v2\/pages\/664\/revisions\/666"}],"up":[{"embeddable":true,"href":"https:\/\/arkosps.com\/pt-pt\/wp-json\/wp\/v2\/pages\/654"}],"wp:attachment":[{"href":"https:\/\/arkosps.com\/pt-pt\/wp-json\/wp\/v2\/media?parent=664"}],"curies":[{"name":"wp","href":"https:\/\/api.w.org\/{rel}","templated":true}]}}