{"id":670,"date":"2024-05-20T08:44:51","date_gmt":"2024-05-20T08:44:51","guid":{"rendered":"https:\/\/arkosps.com\/armazenamento\/tubos-de-grande-diametro\/"},"modified":"2024-09-25T15:53:04","modified_gmt":"2024-09-25T15:53:04","slug":"tubos-de-grande-diametro","status":"publish","type":"page","link":"https:\/\/arkosps.com\/pt-pt\/armazenamento\/tubos-de-grande-diametro\/","title":{"rendered":"Tubos de grande di\u00e2metro"},"content":{"rendered":"<p>[et_pb_section fb_built=&#8221;1&#8243; _builder_version=&#8221;4.25.0&#8243; _module_preset=&#8221;default&#8221; use_background_color_gradient=&#8221;on&#8221; background_color_gradient_stops=&#8221;rgba(15,0,0,0.35) 0%|rgba(10,0,0,0.21) 98%&#8221; background_color_gradient_overlays_image=&#8221;on&#8221; background_image=&#8221;https:\/\/arkosps.com\/wp-content\/uploads\/2024\/05\/tubos-diametro.jpg&#8221; custom_padding=&#8221;58px||43px|||&#8221; global_colors_info=&#8221;{}&#8221;][et_pb_row _builder_version=&#8221;4.25.0&#8243; _module_preset=&#8221;default&#8221; global_colors_info=&#8221;{}&#8221;][et_pb_column type=&#8221;4_4&#8243; _builder_version=&#8221;4.25.0&#8243; _module_preset=&#8221;default&#8221; global_colors_info=&#8221;{}&#8221;][et_pb_text _builder_version=&#8221;4.25.0&#8243; _module_preset=&#8221;default&#8221; header_font=&#8221;|700|||||||&#8221; header_text_color=&#8221;#FFFFFF&#8221; header_font_size=&#8221;60px&#8221; hover_enabled=&#8221;0&#8243; global_colors_info=&#8221;{}&#8221; header_font_size_last_edited=&#8221;on|phone&#8221; header_font_size_phone=&#8221;33px&#8221; sticky_enabled=&#8221;0&#8243; header_font_size_tablet=&#8221;60px&#8221;]<\/p>\n<h1 style=\"text-align: center;\">Sistemas para armazenar tubos de grande <strong>di\u00e1metro<\/strong><\/h1>\n<p>[\/et_pb_text][\/et_pb_column][\/et_pb_row][\/et_pb_section][et_pb_section fb_built=&#8221;1&#8243; _builder_version=&#8221;4.25.0&#8243; _module_preset=&#8221;default&#8221; custom_padding=&#8221;42px||37px|||&#8221; global_colors_info=&#8221;{}&#8221;][et_pb_row column_structure=&#8221;1_2,1_2&#8243; _builder_version=&#8221;4.25.0&#8243; _module_preset=&#8221;default&#8221; custom_padding=&#8221;||14px|||&#8221; global_colors_info=&#8221;{}&#8221;][et_pb_column type=&#8221;1_2&#8243; _builder_version=&#8221;4.25.0&#8243; _module_preset=&#8221;default&#8221; global_colors_info=&#8221;{}&#8221;][et_pb_text _builder_version=&#8221;4.25.0&#8243; _module_preset=&#8221;default&#8221; text_font=&#8221;Roboto|300|||||||&#8221; text_text_color=&#8221;#0a0a0a&#8221; text_font_size=&#8221;16px&#8221; global_colors_info=&#8221;{}&#8221;]<\/p>\n<h3><strong>Sistemas para armazenar tubos de grande di\u00e1metro<\/strong><\/h3>\n<p>Sistemas para armazenar tubos de grande di\u00e2metro Sistema projetado e constru\u00eddo para o armazenamento seguro de tubos. Trata-se de um sistema flex\u00edvel, onde os componentes s\u00e3o configurados de acordo com as circunst\u00e2ncias espec\u00edficas do cliente e do projeto. F\u00e1cil de desmontar, relocar ou reconfigurar de maneira diferente.  <\/p>\n<p><strong>Caracter\u00edsticas:<\/strong><\/p>\n<p><strong><\/strong><\/p>\n<ul>\n<li>Seguran\u00e7a no armazenamento: as pilhas s\u00e3o est\u00e1veis<\/li>\n<li>Cargas de trabalho projetadas, calculadas e certificadas<\/li>\n<li>\u00danico fornecedor para o sistema completo (chave na m\u00e3o)<\/li>\n<li>N\u00e3o \u00e9 necess\u00e1rio equipamento especial para a instala\u00e7\u00e3o<\/li>\n<li>Instala\u00e7\u00e3o f\u00e1cil e r\u00e1pida (realizada por dois homens)<\/li>\n<li>Sistema altamente flex\u00edvel para o armazenamento de tubos de diferentes di\u00e2metros<\/li>\n<li>Aumenta a seguran\u00e7a no armazenamento<\/li>\n<li>N\u00e3o danifica superf\u00edcies revestidas<\/li>\n<li>Sem contato metal com metal<\/li>\n<li>Longa durabilidade, resistente a \u00f3leo e umidade<\/li>\n<\/ul>\n<p>[\/et_pb_text][\/et_pb_column][et_pb_column type=&#8221;1_2&#8243; _builder_version=&#8221;4.25.0&#8243; _module_preset=&#8221;default&#8221; global_colors_info=&#8221;{}&#8221;][et_pb_image src=&#8221;https:\/\/arkosps.com\/wp-content\/uploads\/2024\/05\/DSC_0533.jpg&#8221; title_text=&#8221;DSC_0533&#8243; _builder_version=&#8221;4.25.0&#8243; _module_preset=&#8221;default&#8221; custom_margin=&#8221;5px|||||&#8221; box_shadow_style=&#8221;preset4&#8243; box_shadow_horizontal=&#8221;25px&#8221; box_shadow_vertical=&#8221;20px&#8221; box_shadow_color=&#8221;#f2f2f2&#8243; global_colors_info=&#8221;{}&#8221;][\/et_pb_image][\/et_pb_column][\/et_pb_row][\/et_pb_section][et_pb_section fb_built=&#8221;1&#8243; _builder_version=&#8221;4.25.0&#8243; _module_preset=&#8221;default&#8221; custom_padding=&#8221;39px|||||&#8221; global_colors_info=&#8221;{}&#8221;][et_pb_row _builder_version=&#8221;4.25.0&#8243; _module_preset=&#8221;default&#8221; global_colors_info=&#8221;{}&#8221;][et_pb_column type=&#8221;4_4&#8243; _builder_version=&#8221;4.25.0&#8243; _module_preset=&#8221;default&#8221; global_colors_info=&#8221;{}&#8221;][et_pb_gallery gallery_ids=&#8221;418,263,266,419&#8243; posts_number=&#8221;12&#8243; dbdb_version=&#8221;4.2.4&#8243; show_title_and_caption=&#8221;off&#8221; show_pagination=&#8221;off&#8221; _builder_version=&#8221;4.25.0&#8243; _module_preset=&#8221;default&#8221; global_colors_info=&#8221;{}&#8221;][\/et_pb_gallery][\/et_pb_column][\/et_pb_row][\/et_pb_section][et_pb_section fb_built=&#8221;1&#8243; _builder_version=&#8221;4.25.0&#8243; _module_preset=&#8221;default&#8221; background_color=&#8221;#d9bc12&#8243; custom_padding=&#8221;0px||1px|||&#8221; global_colors_info=&#8221;{}&#8221;][et_pb_row column_structure=&#8221;3_5,2_5&#8243; _builder_version=&#8221;4.25.0&#8243; _module_preset=&#8221;default&#8221; global_colors_info=&#8221;{}&#8221;][et_pb_column type=&#8221;3_5&#8243; _builder_version=&#8221;4.25.0&#8243; _module_preset=&#8221;default&#8221; global_colors_info=&#8221;{}&#8221;][et_pb_text _builder_version=&#8221;4.25.0&#8243; _module_preset=&#8221;default&#8221; text_font=&#8221;Roboto|500|||||||&#8221; text_text_color=&#8221;#0a0a0a&#8221; text_font_size=&#8221;32px&#8221; text_orientation=&#8221;right&#8221; custom_margin=&#8221;13px|||||&#8221; hover_enabled=&#8221;0&#8243; global_colors_info=&#8221;{}&#8221; text_font_size_last_edited=&#8221;on|phone&#8221; text_font_size_phone=&#8221;18px&#8221; sticky_enabled=&#8221;0&#8243; text_font_size_tablet=&#8221;32px&#8221;]<\/p>\n<p>Solicita o nosso cat\u00e1logo de produtos<\/p>\n<p>[\/et_pb_text][\/et_pb_column][et_pb_column type=&#8221;2_5&#8243; _builder_version=&#8221;4.25.0&#8243; _module_preset=&#8221;default&#8221; global_colors_info=&#8221;{}&#8221;][et_pb_button button_url=&#8221;@ET-DC@eyJkeW5hbWljIjp0cnVlLCJjb250ZW50IjoicG9zdF9saW5rX3VybF9wYWdlIiwic2V0dGluZ3MiOnsicG9zdF9pZCI6IjgzIiwiZW5hYmxlX2h0bWwiOiJvZmYifX0=@&#8221; button_text=&#8221;Solicita o cat\u00e1logo&#8221; _builder_version=&#8221;4.25.0&#8243; _dynamic_attributes=&#8221;button_url&#8221; _module_preset=&#8221;default&#8221; custom_button=&#8221;on&#8221; button_text_color=&#8221;#0a0a0a&#8221; global_colors_info=&#8221;{}&#8221;][\/et_pb_button][\/et_pb_column][\/et_pb_row][\/et_pb_section]<\/p>\n","protected":false},"excerpt":{"rendered":"<p>Sistemas para armazenar tubos de grande di\u00e1metroSistemas para armazenar tubos de grande di\u00e1metro Sistemas para armazenar tubos de grande di\u00e2metro Sistema projetado e constru\u00eddo para o armazenamento seguro de tubos. Trata-se de um sistema flex\u00edvel, onde os componentes s\u00e3o configurados de acordo com as circunst\u00e2ncias espec\u00edficas do cliente e do projeto. F\u00e1cil de desmontar, relocar [&hellip;]<\/p>\n","protected":false},"author":1,"featured_media":0,"parent":654,"menu_order":0,"comment_status":"closed","ping_status":"closed","template":"","meta":{"_et_pb_use_builder":"on","_et_pb_old_content":"","_et_gb_content_width":"","footnotes":""},"class_list":["post-670","page","type-page","status-publish","hentry"],"_links":{"self":[{"href":"https:\/\/arkosps.com\/pt-pt\/wp-json\/wp\/v2\/pages\/670","targetHints":{"allow":["GET"]}}],"collection":[{"href":"https:\/\/arkosps.com\/pt-pt\/wp-json\/wp\/v2\/pages"}],"about":[{"href":"https:\/\/arkosps.com\/pt-pt\/wp-json\/wp\/v2\/types\/page"}],"author":[{"embeddable":true,"href":"https:\/\/arkosps.com\/pt-pt\/wp-json\/wp\/v2\/users\/1"}],"replies":[{"embeddable":true,"href":"https:\/\/arkosps.com\/pt-pt\/wp-json\/wp\/v2\/comments?post=670"}],"version-history":[{"count":5,"href":"https:\/\/arkosps.com\/pt-pt\/wp-json\/wp\/v2\/pages\/670\/revisions"}],"predecessor-version":[{"id":821,"href":"https:\/\/arkosps.com\/pt-pt\/wp-json\/wp\/v2\/pages\/670\/revisions\/821"}],"up":[{"embeddable":true,"href":"https:\/\/arkosps.com\/pt-pt\/wp-json\/wp\/v2\/pages\/654"}],"wp:attachment":[{"href":"https:\/\/arkosps.com\/pt-pt\/wp-json\/wp\/v2\/media?parent=670"}],"curies":[{"name":"wp","href":"https:\/\/api.w.org\/{rel}","templated":true}]}}