{"id":676,"date":"2024-06-05T07:53:36","date_gmt":"2024-06-05T07:53:36","guid":{"rendered":"https:\/\/arkosps.com\/politica-de-cookies\/"},"modified":"2024-09-11T11:28:37","modified_gmt":"2024-09-11T11:28:37","slug":"politica-de-cookies","status":"publish","type":"page","link":"https:\/\/arkosps.com\/pt-pt\/politica-de-cookies\/","title":{"rendered":"Pol\u00edtica de cookies"},"content":{"rendered":"<p>[et_pb_section fb_built=&#8221;1&#8243; _builder_version=&#8221;4.25.0&#8243; _module_preset=&#8221;default&#8221; global_colors_info=&#8221;{}&#8221;][et_pb_row _builder_version=&#8221;4.25.0&#8243; _module_preset=&#8221;default&#8221; global_colors_info=&#8221;{}&#8221;][et_pb_column type=&#8221;4_4&#8243; _builder_version=&#8221;4.25.0&#8243; _module_preset=&#8221;default&#8221; global_colors_info=&#8221;{}&#8221;][et_pb_text _builder_version=&#8221;4.25.0&#8243; _module_preset=&#8221;default&#8221; text_font=&#8221;Roboto|300|||||||&#8221; text_text_color=&#8221;#0a0a0a&#8221; global_colors_info=&#8221;{}&#8221;]<\/p>\n<h1 class=\"cookie-policy-h1\">Pol\u00edtica de cookies<\/h1>\n<p>Data de vig\u00eancia: 05-Jun-2024 \u00daltima atualiza\u00e7\u00e3o: 05-Jun-2024<\/p>\n<p>&nbsp;<\/p>\n<h5>O que s\u00e3o bolachas?<\/h5>\n<div class=\"cookie-policy-p\">\n<p>Em ingl\u00eas, o termo &#8220;cookie&#8221; significa biscoito, mas no dom\u00ednio da navega\u00e7\u00e3o na Web, um &#8220;cookie&#8221; \u00e9 algo completamente diferente.<\/p>\n<p>Quando acedes ao nosso site, uma pequena quantidade de texto chamada &#8220;cookie&#8221; \u00e9 armazenada no navegador do teu dispositivo.<br \/>\nEste texto cont\u00e9m v\u00e1rias informa\u00e7\u00f5es sobre os teus h\u00e1bitos de navega\u00e7\u00e3o, as tuas prefer\u00eancias, a personaliza\u00e7\u00e3o dos conte\u00fados, etc&#8230; <\/p>\n<p>Existem outras tecnologias que funcionam de forma semelhante e que tamb\u00e9m s\u00e3o utilizadas para recolher dados sobre a tua atividade de navega\u00e7\u00e3o.<br \/>\nChamamos a todas estas tecnologias em conjunto &#8220;cookies&#8221;. <\/p>\n<p>As utiliza\u00e7\u00f5es espec\u00edficas que fazemos destas tecnologias est\u00e3o descritas neste documento.<\/p>\n<\/div>\n<p>&nbsp;<\/p>\n<h5>Para que s\u00e3o utilizados os cookies?<\/h5>\n<div class=\"cookie-policy-p\">\n<p>Os cookies s\u00e3o uma parte essencial do funcionamento do nosso s\u00edtio Web.<br \/>\nO principal objetivo dos nossos cookies \u00e9 melhorar a tua experi\u00eancia de navega\u00e7\u00e3o.<br \/>\nPor exemplo, para recordar as tuas prefer\u00eancias (l\u00edngua, pa\u00eds, etc.) durante a navega\u00e7\u00e3o e em futuras visitas.<br \/>\nAs informa\u00e7\u00f5es recolhidas nos cookies tamb\u00e9m nos permitem melhorar o s\u00edtio Web, adapt\u00e1-lo aos teus interesses enquanto utilizador, acelerar as tuas pesquisas, etc&#8230;   <\/p>\n<p>Em certos casos, se tivermos obtido o teu consentimento pr\u00e9vio e informado, podemos utilizar cookies para outros fins, por exemplo, para obter informa\u00e7\u00f5es que nos permitam mostrar-te publicidade com base na an\u00e1lise dos teus h\u00e1bitos de navega\u00e7\u00e3o.<\/p>\n<p>&nbsp;<\/p>\n<h5>Para que \u00e9 que os cookies N\u00c3O s\u00e3o utilizados neste s\u00edtio Web?<\/h5>\n<div class=\"cookie-policy-p\">\n<p>Nos cookies que utilizamos n\u00e3o s\u00e3o armazenadas informa\u00e7\u00f5es sens\u00edveis de identifica\u00e7\u00e3o pessoal, como o teu nome, endere\u00e7o, palavra-passe, etc.<\/p>\n<p>&nbsp;<\/p>\n<h5>Quem utiliza as informa\u00e7\u00f5es armazenadas nos cookies?<\/h5>\n<p>A informa\u00e7\u00e3o armazenada nos cookies do nosso site \u00e9 utilizada exclusivamente por n\u00f3s, com exce\u00e7\u00e3o dos identificados abaixo como &#8220;cookies de terceiros&#8221;, que s\u00e3o utilizados e geridos por entidades externas que nos fornecem servi\u00e7os que melhoram a experi\u00eancia do utilizador. Por exemplo, as estat\u00edsticas recolhidas sobre o n\u00famero de visitas, os conte\u00fados mais apreciados, etc&#8230; s\u00e3o normalmente geridas pela GOOGLE ANALYTICS.<\/p>\n<p>Os cookies de terceiros s\u00e3o tamb\u00e9m frequentemente utilizados para garantir as transac\u00e7\u00f5es de pagamento efectuadas atrav\u00e9s do s\u00edtio Web. CLIENTE<\/p>\n<h5>Como posso impedir a utiliza\u00e7\u00e3o de cookies neste s\u00edtio Web?<\/h5>\n<p>Se preferires evitar a utiliza\u00e7\u00e3o de cookies, podes REJEITAR a sua utiliza\u00e7\u00e3o ou CONFIGURAR os que queres evitar e os que permites que sejam utilizados (neste documento damos-te mais informa\u00e7\u00f5es sobre cada tipo de cookie, a sua finalidade, destinat\u00e1rio, temporalidade, etc&#8230;). ).<\/p>\n<p>Se os tiveres aceite, n\u00e3o te voltaremos a pedir, a menos que apagues os cookies do teu dispositivo, como descrito na sec\u00e7\u00e3o seguinte.<\/p>\n<p>Se quiseres revogar o teu consentimento, ter\u00e1s de apagar os teus cookies e reinici\u00e1-los.<\/p>\n<h5>Como posso desativar e eliminar a utiliza\u00e7\u00e3o de cookies?<\/h5>\n<p>Para restringir, bloquear ou apagar os cookies deste s\u00edtio Web (e os utilizados por terceiros), podes faz\u00ea-lo, em qualquer altura, modificando as defini\u00e7\u00f5es do teu browser.<br \/>\nTem em aten\u00e7\u00e3o que estas defini\u00e7\u00f5es s\u00e3o diferentes para cada navegador, embora seja comum encontrar as defini\u00e7\u00f5es de cookies no menu &#8220;Prefer\u00eancias&#8221; &#8220;Ferramentas&#8221; &#8220;Op\u00e7\u00f5es&#8221; e depois em &#8220;Privacidade e seguran\u00e7a&#8221; ou &#8220;apagar dados de navega\u00e7\u00e3o&#8221;, etc&#8230; <\/p>\n<p>Para mais informa\u00e7\u00f5es sobre a configura\u00e7\u00e3o dos cookies em cada navegador, podes consultar o menu &#8220;Ajuda&#8221; do teu navegador.<\/p>\n<p>&nbsp;<\/p>\n<\/div>\n<\/div>\n<h5>Tipos de cookies que utilizamos<\/h5>\n<div class=\"cky-audit-table-element\"><\/div>\n<p>&nbsp;<\/p>\n<h5 style=\"margin-bottom: 20px;\">Definir cookies<\/h5>\n<p><a class=\"cky-banner-element\">Defini\u00e7\u00f5es de cookies<\/a><\/p>\n<div>\n<p>Podes alterar as tuas prefer\u00eancias de cookies em qualquer altura, clicando no bot\u00e3o acima.<br \/>\nIsto permitir-te-\u00e1 voltar a visitar a faixa de consentimento de cookies e alterar as tuas prefer\u00eancias ou retirar o teu consentimento imediatamente. <\/p>\n<p>Al\u00e9m disso, os diferentes navegadores oferecem diferentes m\u00e9todos para bloquear e apagar os cookies utilizados pelos s\u00edtios Web.<br \/>\nPodes alterar as defini\u00e7\u00f5es do teu browser para bloquear\/eliminar cookies.<br \/>\nSegue-se uma lista de liga\u00e7\u00f5es para documentos de apoio sobre como gerir e eliminar cookies dos principais navegadores Web.  <\/p>\n<p>Cromado: <a target=\"_blank\" rel=\"noopener noreferrer\" href=\"https:\/\/support.google.com\/accounts\/answer\/32050\">https:\/\/support.google.com\/accounts\/answer\/32050<\/a><\/p>\n<p>Safari: <a target=\"_blank\" rel=\"noopener noreferrer\" href=\"https:\/\/support.apple.com\/en-in\/guide\/safari\/sfri11471\/mac\">https:\/\/support.apple.com\/en-in\/guide\/safari\/sfri11471\/mac<\/a><\/p>\n<p>Firefox: <a target=\"_blank\" rel=\"noopener noreferrer\" href=\"https:\/\/support.mozilla.org\/en-US\/kb\/clear-cookies-and-site-data-firefox?redirectslug=delete-cookies-remove-info-websites-stored&amp;redirectlocale=en-US\">https:\/\/support.mozilla.org\/en-US\/kb\/clear-cookies-and-site-data-firefox?redirectslug=delete-cookies-remove-info-websites-stored&amp;redirectlocale=en-US<\/a><\/p>\n<p>Internet Explorer: <a target=\"_blank\" rel=\"noopener noreferrer\" href=\"https:\/\/support.microsoft.com\/en-us\/topic\/how-to-delete-cookie-files-in-internet-explorer-bca9446f-d873-78de-77ba-d42645fa52fc\">https:\/\/support.microsoft.com\/en-us\/topic\/how-to-delete-cookie-files-in-internet-explorer-bca9446f-d873-78de-77ba-d42645fa52fc<\/a><\/p>\n<p>Se estiveres a utilizar outro browser, consulta os documentos de apoio oficiais do teu browser.<\/p>\n<\/div>\n<p>&nbsp;<\/p>\n<p class=\"cookie-policy-p\">Pol\u00edtica de cookies gerada por <a target=\"_blank\" href=\"https:\/\/www.cookieyes.com\/?utm_source=CP&amp;utm_medium=footer&amp;utm_campaign=UW\" rel=\"noopener\">CookieYes &#8211; Gerador de pol\u00edtica de cookies<\/a>.<\/p>\n<p>[\/et_pb_text][\/et_pb_column][\/et_pb_row][\/et_pb_section]<\/p>\n","protected":false},"excerpt":{"rendered":"<p>Pol\u00edtica de cookies Data de vig\u00eancia: 05-Jun-2024 \u00daltima atualiza\u00e7\u00e3o: 05-Jun-2024 &nbsp; O que s\u00e3o bolachas? Em ingl\u00eas, o termo &#8220;cookie&#8221; significa biscoito, mas no dom\u00ednio da navega\u00e7\u00e3o na Web, um &#8220;cookie&#8221; \u00e9 algo completamente diferente. Quando acedes ao nosso site, uma pequena quantidade de texto chamada &#8220;cookie&#8221; \u00e9 armazenada no navegador do teu dispositivo. Este [&hellip;]<\/p>\n","protected":false},"author":1,"featured_media":0,"parent":0,"menu_order":0,"comment_status":"closed","ping_status":"closed","template":"","meta":{"_et_pb_use_builder":"on","_et_pb_old_content":"","_et_gb_content_width":"","footnotes":""},"class_list":["post-676","page","type-page","status-publish","hentry"],"_links":{"self":[{"href":"https:\/\/arkosps.com\/pt-pt\/wp-json\/wp\/v2\/pages\/676","targetHints":{"allow":["GET"]}}],"collection":[{"href":"https:\/\/arkosps.com\/pt-pt\/wp-json\/wp\/v2\/pages"}],"about":[{"href":"https:\/\/arkosps.com\/pt-pt\/wp-json\/wp\/v2\/types\/page"}],"author":[{"embeddable":true,"href":"https:\/\/arkosps.com\/pt-pt\/wp-json\/wp\/v2\/users\/1"}],"replies":[{"embeddable":true,"href":"https:\/\/arkosps.com\/pt-pt\/wp-json\/wp\/v2\/comments?post=676"}],"version-history":[{"count":2,"href":"https:\/\/arkosps.com\/pt-pt\/wp-json\/wp\/v2\/pages\/676\/revisions"}],"predecessor-version":[{"id":678,"href":"https:\/\/arkosps.com\/pt-pt\/wp-json\/wp\/v2\/pages\/676\/revisions\/678"}],"wp:attachment":[{"href":"https:\/\/arkosps.com\/pt-pt\/wp-json\/wp\/v2\/media?parent=676"}],"curies":[{"name":"wp","href":"https:\/\/api.w.org\/{rel}","templated":true}]}}