{"id":679,"date":"2024-05-13T10:53:34","date_gmt":"2024-05-13T10:53:34","guid":{"rendered":"https:\/\/arkosps.com\/armazenamento\/bobinas-de-aco\/"},"modified":"2024-09-25T10:33:38","modified_gmt":"2024-09-25T10:33:38","slug":"bobinas-de-aco","status":"publish","type":"page","link":"https:\/\/arkosps.com\/pt-pt\/armazenamento\/bobinas-de-aco\/","title":{"rendered":"Bobinas de a\u00e7o"},"content":{"rendered":"<p>[et_pb_section fb_built=&#8221;1&#8243; _builder_version=&#8221;4.25.0&#8243; _module_preset=&#8221;default&#8221; use_background_color_gradient=&#8221;on&#8221; background_color_gradient_stops=&#8221;rgba(15,0,0,0.01) 0%|rgba(10,0,0,0.15) 99%&#8221; background_color_gradient_overlays_image=&#8221;on&#8221; background_image=&#8221;https:\/\/arkosps.com\/wp-content\/uploads\/2024\/05\/coilwedge-byn1.jpg&#8221; custom_padding=&#8221;80px||80px|||&#8221; global_colors_info=&#8221;{}&#8221;][et_pb_row _builder_version=&#8221;4.25.0&#8243; _module_preset=&#8221;default&#8221; global_colors_info=&#8221;{}&#8221;][et_pb_column type=&#8221;4_4&#8243; _builder_version=&#8221;4.25.0&#8243; _module_preset=&#8221;default&#8221; global_colors_info=&#8221;{}&#8221;][et_pb_text _builder_version=&#8221;4.25.0&#8243; _module_preset=&#8221;default&#8221; header_font=&#8221;|700|||||||&#8221; header_text_color=&#8221;#FFFFFF&#8221; header_font_size=&#8221;60px&#8221; hover_enabled=&#8221;0&#8243; global_colors_info=&#8221;{}&#8221; header_font_size_last_edited=&#8221;on|phone&#8221; header_font_size_phone=&#8221;33px&#8221; sticky_enabled=&#8221;0&#8243; header_font_size_tablet=&#8221;60px&#8221;]<\/p>\n<h1 style=\"text-align: center;\">Sistemas para armazenar bobinas de a\u00e7o<\/h1>\n<p>[\/et_pb_text][\/et_pb_column][\/et_pb_row][\/et_pb_section][et_pb_section fb_built=&#8221;1&#8243; _builder_version=&#8221;4.25.0&#8243; _module_preset=&#8221;default&#8221; custom_padding=&#8221;||18px|||&#8221; global_colors_info=&#8221;{}&#8221;][et_pb_row column_structure=&#8221;3_5,2_5&#8243; use_custom_gutter=&#8221;on&#8221; gutter_width=&#8221;2&#8243; _builder_version=&#8221;4.25.0&#8243; _module_preset=&#8221;default&#8221; global_colors_info=&#8221;{}&#8221;][et_pb_column type=&#8221;3_5&#8243; _builder_version=&#8221;4.25.0&#8243; _module_preset=&#8221;default&#8221; global_colors_info=&#8221;{}&#8221;][et_pb_text _builder_version=&#8221;4.25.0&#8243; _module_preset=&#8221;default&#8221; global_colors_info=&#8221;{}&#8221;]<\/p>\n<h2><strong>Contribuindo para um futuro sustent\u00e1vel: <\/strong><\/h2>\n<p>[\/et_pb_text][et_pb_text _builder_version=&#8221;4.25.0&#8243; _module_preset=&#8221;default&#8221; text_font=&#8221;Roboto|300|||||||&#8221; text_text_color=&#8221;#0c0c0c&#8221; text_font_size=&#8221;15px&#8221; global_colors_info=&#8221;{}&#8221;]<\/p>\n<p><span>Nossos produtos de pl\u00e1stico reciclado contribuem para um ambiente mais respeitoso com o meio ambiente: s\u00e3o fabricados com material reciclado, n\u00e3o s\u00e3o tratados quimicamente de nenhuma forma e, portanto, n\u00e3o emitem subst\u00e2ncias t\u00f3xicas para o meio ambiente.<\/span><\/p>\n<p><span><\/span><\/p>\n<ul>\n<li><span>Armazenamento seguro e flex\u00edvel<\/span><\/li>\n<li><span>Nossos sistemas permitem maximizar o espa\u00e7o de armazenamento.<\/span><\/li>\n<li><span>Econ\u00f4micos e f\u00e1ceis de usar, sistemas &#8220;chave na m\u00e3o&#8221;.<\/span><\/li>\n<li><span>Facilmente ajust\u00e1veis para qualquer tamanho de bobina.<\/span><\/li>\n<\/ul>\n<p>[\/et_pb_text][\/et_pb_column][et_pb_column type=&#8221;2_5&#8243; _builder_version=&#8221;4.25.0&#8243; _module_preset=&#8221;default&#8221; background_color=&#8221;#0a0a0a&#8221; global_colors_info=&#8221;{}&#8221;][et_pb_text _builder_version=&#8221;4.25.0&#8243; _module_preset=&#8221;default&#8221; text_text_color=&#8221;#FFFFFF&#8221; header_3_text_color=&#8221;#FFFFFF&#8221; custom_margin=&#8221;25px|25px|25px|25px|true|true&#8221; global_colors_info=&#8221;{}&#8221;]<\/p>\n<h3><strong>Nossas cunhas:<\/strong><\/h3>\n<p>&#8211; N\u00e3o lascam<br \/>&#8211; N\u00e3o sujam<br \/>&#8211; N\u00e3o absorvem \u00f3leo<br \/>&#8211; Longa durabilidade<br \/>&#8211; Evitam danos \u00e0s bobinas pelo contato com superf\u00edcies r\u00edgidas<br \/>&#8211; M\u00e1xima seguran\u00e7a no armaz\u00e9m<\/p>\n<p>[\/et_pb_text][\/et_pb_column][\/et_pb_row][et_pb_row _builder_version=&#8221;4.25.0&#8243; _module_preset=&#8221;default&#8221; global_colors_info=&#8221;{}&#8221;][et_pb_column type=&#8221;4_4&#8243; _builder_version=&#8221;4.25.0&#8243; _module_preset=&#8221;default&#8221; global_colors_info=&#8221;{}&#8221;][et_pb_text _builder_version=&#8221;4.25.0&#8243; _module_preset=&#8221;default&#8221; text_orientation=&#8221;center&#8221; global_colors_info=&#8221;{}&#8221;]<\/p>\n<h2>Produtos de pl\u00e1stico reciclado para o armazenamento seguro de bobinas.<\/h2>\n<p>[\/et_pb_text][\/et_pb_column][\/et_pb_row][\/et_pb_section][et_pb_section fb_built=&#8221;1&#8243; _builder_version=&#8221;4.25.0&#8243; _module_preset=&#8221;default&#8221; custom_padding=&#8221;14px||66px|||&#8221; global_colors_info=&#8221;{}&#8221;][et_pb_row column_structure=&#8221;1_3,1_3,1_3&#8243; _builder_version=&#8221;4.25.0&#8243; _module_preset=&#8221;default&#8221; global_colors_info=&#8221;{}&#8221;][et_pb_column type=&#8221;1_3&#8243; _builder_version=&#8221;4.25.0&#8243; _module_preset=&#8221;default&#8221; custom_padding=&#8221;||||false|false&#8221; global_colors_info=&#8221;{}&#8221;][et_pb_image src=&#8221;https:\/\/arkosps.com\/wp-content\/uploads\/2024\/05\/sistema-rollstopjpg.jpg&#8221; title_text=&#8221;sistema rollstopjpg&#8221; _builder_version=&#8221;4.25.0&#8243; _module_preset=&#8221;default&#8221; box_shadow_style=&#8221;preset4&#8243; box_shadow_horizontal=&#8221;25px&#8221; box_shadow_vertical=&#8221;20px&#8221; box_shadow_color=&#8221;#f2f2f2&#8243; global_colors_info=&#8221;{}&#8221;][\/et_pb_image][et_pb_text _builder_version=&#8221;4.25.0&#8243; _module_preset=&#8221;default&#8221; text_font=&#8221;Mulish|900|||||||&#8221; text_text_color=&#8221;#0a0a0a&#8221; text_font_size=&#8221;22px&#8221; global_colors_info=&#8221;{}&#8221;]<\/p>\n<p style=\"text-align: center;\">SISTEMAS ROLLSTOP<\/p>\n<p>[\/et_pb_text][et_pb_text _builder_version=&#8221;4.25.0&#8243; _module_preset=&#8221;default&#8221; text_font=&#8221;Roboto|300|||||||&#8221; text_text_color=&#8221;#0a0a0a&#8221; text_font_size=&#8221;16px&#8221; custom_margin=&#8221;|15px|15px|15px|false|false&#8221; global_colors_info=&#8221;{}&#8221;]<\/p>\n<p>Sistemas prontos para uso.<br \/>Tr\u00eas alturas, di\u00e2metro das bobinas at\u00e9 2.500 mm, capacidade de carga at\u00e9 100 toneladas.<\/p>\n<p>[\/et_pb_text][\/et_pb_column][et_pb_column type=&#8221;1_3&#8243; _builder_version=&#8221;4.25.0&#8243; _module_preset=&#8221;default&#8221; custom_padding=&#8221;||||false|false&#8221; global_colors_info=&#8221;{}&#8221;][et_pb_image src=&#8221;https:\/\/arkosps.com\/wp-content\/uploads\/2024\/05\/Rb_studiovrijstaand-geretoucheerd.jpg&#8221; title_text=&#8221;Rb_studiovrijstaand- geretoucheerd&#8221; _builder_version=&#8221;4.25.0&#8243; _module_preset=&#8221;default&#8221; box_shadow_style=&#8221;preset4&#8243; box_shadow_horizontal=&#8221;25px&#8221; box_shadow_vertical=&#8221;20px&#8221; box_shadow_color=&#8221;#f2f2f2&#8243; global_colors_info=&#8221;{}&#8221;][\/et_pb_image][et_pb_text _builder_version=&#8221;4.25.0&#8243; _module_preset=&#8221;default&#8221; text_font=&#8221;Mulish|900|||||||&#8221; text_text_color=&#8221;#0a0a0a&#8221; text_font_size=&#8221;22px&#8221; global_colors_info=&#8221;{}&#8221;]<\/p>\n<p style=\"text-align: center;\">ROLLBLOCKS<\/p>\n<p>[\/et_pb_text][et_pb_text _builder_version=&#8221;4.25.0&#8243; _module_preset=&#8221;default&#8221; text_font=&#8221;Roboto|300|||||||&#8221; text_text_color=&#8221;#0a0a0a&#8221; text_font_size=&#8221;16px&#8221; custom_margin=&#8221;|15px|15px|15px|false|false&#8221; global_colors_info=&#8221;{}&#8221;]<\/p>\n<p>Tr\u00eas alturas, di\u00e2metro das bobinas at\u00e9 2.500 mm, capacidade de carga at\u00e9 100 toneladas.<\/p>\n<p>[\/et_pb_text][\/et_pb_column][et_pb_column type=&#8221;1_3&#8243; _builder_version=&#8221;4.25.0&#8243; _module_preset=&#8221;default&#8221; custom_padding=&#8221;||||false|false&#8221; global_colors_info=&#8221;{}&#8221;][et_pb_image src=&#8221;https:\/\/arkosps.com\/wp-content\/uploads\/2024\/05\/P1012214.jpg&#8221; title_text=&#8221;P1012214&#8243; _builder_version=&#8221;4.25.0&#8243; _module_preset=&#8221;default&#8221; box_shadow_style=&#8221;preset4&#8243; box_shadow_horizontal=&#8221;25px&#8221; box_shadow_vertical=&#8221;20px&#8221; box_shadow_color=&#8221;#f2f2f2&#8243; global_colors_info=&#8221;{}&#8221;][\/et_pb_image][et_pb_text _builder_version=&#8221;4.25.0&#8243; _module_preset=&#8221;default&#8221; text_font=&#8221;Mulish|900|||||||&#8221; text_text_color=&#8221;#0a0a0a&#8221; text_font_size=&#8221;22px&#8221; global_colors_info=&#8221;{}&#8221;]<\/p>\n<p style=\"text-align: center;\">SISTEMAS ROLLCRADLE<\/p>\n<p>[\/et_pb_text][et_pb_text _builder_version=&#8221;4.25.0&#8243; _module_preset=&#8221;default&#8221; text_font=&#8221;Roboto|300|||||||&#8221; text_text_color=&#8221;#0a0a0a&#8221; text_font_size=&#8221;16px&#8221; custom_margin=&#8221;|15px|15px|15px|false|false&#8221; global_colors_info=&#8221;{}&#8221;]<\/p>\n<p>Sistemas prontos para uso.<br \/>Duas alturas, di\u00e2metro das bobinas at\u00e9 2.100 mm, capacidade de carga at\u00e9 80 toneladas.<\/p>\n<p>[\/et_pb_text][\/et_pb_column][\/et_pb_row][et_pb_row column_structure=&#8221;1_3,1_3,1_3&#8243; _builder_version=&#8221;4.25.0&#8243; _module_preset=&#8221;default&#8221; global_colors_info=&#8221;{}&#8221;][et_pb_column type=&#8221;1_3&#8243; _builder_version=&#8221;4.25.0&#8243; _module_preset=&#8221;default&#8221; custom_padding=&#8221;||||false|false&#8221; global_colors_info=&#8221;{}&#8221;][et_pb_image src=&#8221;https:\/\/arkosps.com\/wp-content\/uploads\/2024\/05\/SB100_80_mooizonderdatum.jpg&#8221; title_text=&#8221;SB100_80_mooizonderdatum&#8221; _builder_version=&#8221;4.25.0&#8243; _module_preset=&#8221;default&#8221; box_shadow_style=&#8221;preset4&#8243; box_shadow_horizontal=&#8221;25px&#8221; box_shadow_vertical=&#8221;20px&#8221; box_shadow_color=&#8221;#f2f2f2&#8243; global_colors_info=&#8221;{}&#8221;][\/et_pb_image][et_pb_text _builder_version=&#8221;4.25.0&#8243; _module_preset=&#8221;default&#8221; text_font=&#8221;Mulish|900|||||||&#8221; text_text_color=&#8221;#0a0a0a&#8221; text_font_size=&#8221;22px&#8221; global_colors_info=&#8221;{}&#8221;]<\/p>\n<p style=\"text-align: center;\">STORAGEBLOCKS OILTRAYS<\/p>\n<p>[\/et_pb_text][et_pb_text _builder_version=&#8221;4.25.0&#8243; _module_preset=&#8221;default&#8221; text_font=&#8221;Roboto|300|||||||&#8221; text_text_color=&#8221;#0a0a0a&#8221; text_font_size=&#8221;16px&#8221; custom_margin=&#8221;|15px|15px|15px|false|false&#8221; global_colors_info=&#8221;{}&#8221;]<\/p>\n<p>Ber\u00e7os para armazenamento sem empilhamento, di\u00e2metro das bobinas at\u00e9 2.400 mm, capacidade de carga at\u00e9 60 toneladas.<\/p>\n<p>[\/et_pb_text][\/et_pb_column][et_pb_column type=&#8221;1_3&#8243; _builder_version=&#8221;4.25.0&#8243; _module_preset=&#8221;default&#8221; custom_padding=&#8221;||||false|false&#8221; global_colors_info=&#8221;{}&#8221;][et_pb_image src=&#8221;https:\/\/arkosps.com\/wp-content\/uploads\/2024\/05\/Corus-France-1.jpg&#8221; title_text=&#8221;Corus Fran\u00e7a 1&#8243; _builder_version=&#8221;4.25.0&#8243; _module_preset=&#8221;default&#8221; box_shadow_style=&#8221;preset4&#8243; box_shadow_horizontal=&#8221;25px&#8221; box_shadow_vertical=&#8221;20px&#8221; box_shadow_color=&#8221;#f2f2f2&#8243; global_colors_info=&#8221;{}&#8221;][\/et_pb_image][et_pb_text _builder_version=&#8221;4.25.0&#8243; _module_preset=&#8221;default&#8221; text_font=&#8221;Mulish|900|||||||&#8221; text_text_color=&#8221;#0a0a0a&#8221; text_font_size=&#8221;22px&#8221; global_colors_info=&#8221;{}&#8221;]<\/p>\n<p style=\"text-align: center;\">ROLLCRADLES<\/p>\n<p>[\/et_pb_text][et_pb_text _builder_version=&#8221;4.25.0&#8243; _module_preset=&#8221;default&#8221; text_font=&#8221;Roboto|300|||||||&#8221; text_text_color=&#8221;#0a0a0a&#8221; text_font_size=&#8221;16px&#8221; custom_margin=&#8221;|15px|15px|15px|false|false&#8221; global_colors_info=&#8221;{}&#8221;]<\/p>\n<p>Duas alturas, di\u00e2metro das bobinas at\u00e9 2.100 mm, capacidade de carga at\u00e9 80 toneladas.<\/p>\n<p>[\/et_pb_text][\/et_pb_column][et_pb_column type=&#8221;1_3&#8243; _builder_version=&#8221;4.25.0&#8243; _module_preset=&#8221;default&#8221; custom_padding=&#8221;||||false|false&#8221; global_colors_info=&#8221;{}&#8221;][et_pb_image src=&#8221;https:\/\/arkosps.com\/wp-content\/uploads\/2024\/05\/IMG_3751.jpg&#8221; title_text=&#8221;IMG_3751&#8243; _builder_version=&#8221;4.25.0&#8243; _module_preset=&#8221;default&#8221; box_shadow_style=&#8221;preset4&#8243; box_shadow_horizontal=&#8221;25px&#8221; box_shadow_vertical=&#8221;20px&#8221; box_shadow_color=&#8221;#f2f2f2&#8243; global_colors_info=&#8221;{}&#8221;][\/et_pb_image][et_pb_text _builder_version=&#8221;4.25.0&#8243; _module_preset=&#8221;default&#8221; text_font=&#8221;Mulish|900|||||||&#8221; text_text_color=&#8221;#0a0a0a&#8221; text_font_size=&#8221;22px&#8221; global_colors_info=&#8221;{}&#8221;]<\/p>\n<p style=\"text-align: center;\">SISTEMAS COILWEDGE<\/p>\n<p>[\/et_pb_text][et_pb_text _builder_version=&#8221;4.25.0&#8243; _module_preset=&#8221;default&#8221; text_font=&#8221;Roboto|300|||||||&#8221; text_text_color=&#8221;#0a0a0a&#8221; text_font_size=&#8221;16px&#8221; custom_margin=&#8221;|15px|15px|15px|false|false&#8221; global_colors_info=&#8221;{}&#8221;]<\/p>\n<p>Sistemas prontos para uso.<br \/>Duas alturas, di\u00e2metro das bobinas at\u00e9 2.100 mm, capacidade de carga at\u00e9 80 toneladas.<\/p>\n<p>[\/et_pb_text][\/et_pb_column][\/et_pb_row][\/et_pb_section][et_pb_section fb_built=&#8221;1&#8243; _builder_version=&#8221;4.25.0&#8243; _module_preset=&#8221;default&#8221; background_color=&#8221;#d9bc12&#8243; custom_padding=&#8221;0px||1px|||&#8221; global_colors_info=&#8221;{}&#8221;][et_pb_row column_structure=&#8221;3_5,2_5&#8243; _builder_version=&#8221;4.25.0&#8243; _module_preset=&#8221;default&#8221; global_colors_info=&#8221;{}&#8221;][et_pb_column type=&#8221;3_5&#8243; _builder_version=&#8221;4.25.0&#8243; _module_preset=&#8221;default&#8221; global_colors_info=&#8221;{}&#8221;][et_pb_text _builder_version=&#8221;4.25.0&#8243; _module_preset=&#8221;default&#8221; text_font=&#8221;Roboto|500|||||||&#8221; text_text_color=&#8221;#0a0a0a&#8221; text_font_size=&#8221;32px&#8221; text_orientation=&#8221;right&#8221; custom_margin=&#8221;13px|||||&#8221; hover_enabled=&#8221;0&#8243; global_colors_info=&#8221;{}&#8221; text_font_size_last_edited=&#8221;on|phone&#8221; text_font_size_phone=&#8221;18px&#8221; sticky_enabled=&#8221;0&#8243; text_font_size_tablet=&#8221;32px&#8221;]<\/p>\n<p>Solicite nosso cat\u00e1logo de productos<\/p>\n<p>[\/et_pb_text][\/et_pb_column][et_pb_column type=&#8221;2_5&#8243; _builder_version=&#8221;4.25.0&#8243; _module_preset=&#8221;default&#8221; global_colors_info=&#8221;{}&#8221;][et_pb_button button_url=&#8221;@ET-DC@eyJkeW5hbWljIjp0cnVlLCJjb250ZW50IjoicG9zdF9saW5rX3VybF9wYWdlIiwic2V0dGluZ3MiOnsicG9zdF9pZCI6IjgzIiwiZW5hYmxlX2h0bWwiOiJvZmYifX0=@&#8221; button_text=&#8221;Solicita o cat\u00e1logo&#8221; _builder_version=&#8221;4.25.0&#8243; _dynamic_attributes=&#8221;button_url&#8221; _module_preset=&#8221;default&#8221; custom_button=&#8221;on&#8221; button_text_color=&#8221;#0a0a0a&#8221; global_colors_info=&#8221;{}&#8221;][\/et_pb_button][\/et_pb_column][\/et_pb_row][\/et_pb_section]<\/p>\n","protected":false},"excerpt":{"rendered":"<p>Sistemas para armazenar bobinas de a\u00e7oContribuindo para um futuro sustent\u00e1vel: Nossos produtos de pl\u00e1stico reciclado contribuem para um ambiente mais respeitoso com o meio ambiente: s\u00e3o fabricados com material reciclado, n\u00e3o s\u00e3o tratados quimicamente de nenhuma forma e, portanto, n\u00e3o emitem subst\u00e2ncias t\u00f3xicas para o meio ambiente. Armazenamento seguro e flex\u00edvel Nossos sistemas permitem maximizar [&hellip;]<\/p>\n","protected":false},"author":1,"featured_media":0,"parent":654,"menu_order":0,"comment_status":"closed","ping_status":"closed","template":"","meta":{"_et_pb_use_builder":"on","_et_pb_old_content":"","_et_gb_content_width":"","footnotes":""},"class_list":["post-679","page","type-page","status-publish","hentry"],"_links":{"self":[{"href":"https:\/\/arkosps.com\/pt-pt\/wp-json\/wp\/v2\/pages\/679","targetHints":{"allow":["GET"]}}],"collection":[{"href":"https:\/\/arkosps.com\/pt-pt\/wp-json\/wp\/v2\/pages"}],"about":[{"href":"https:\/\/arkosps.com\/pt-pt\/wp-json\/wp\/v2\/types\/page"}],"author":[{"embeddable":true,"href":"https:\/\/arkosps.com\/pt-pt\/wp-json\/wp\/v2\/users\/1"}],"replies":[{"embeddable":true,"href":"https:\/\/arkosps.com\/pt-pt\/wp-json\/wp\/v2\/comments?post=679"}],"version-history":[{"count":5,"href":"https:\/\/arkosps.com\/pt-pt\/wp-json\/wp\/v2\/pages\/679\/revisions"}],"predecessor-version":[{"id":794,"href":"https:\/\/arkosps.com\/pt-pt\/wp-json\/wp\/v2\/pages\/679\/revisions\/794"}],"up":[{"embeddable":true,"href":"https:\/\/arkosps.com\/pt-pt\/wp-json\/wp\/v2\/pages\/654"}],"wp:attachment":[{"href":"https:\/\/arkosps.com\/pt-pt\/wp-json\/wp\/v2\/media?parent=679"}],"curies":[{"name":"wp","href":"https:\/\/api.w.org\/{rel}","templated":true}]}}