{"id":688,"date":"2024-06-05T08:03:15","date_gmt":"2024-06-05T08:03:15","guid":{"rendered":"https:\/\/arkosps.com\/politica-de-privacidade\/"},"modified":"2024-09-11T12:08:03","modified_gmt":"2024-09-11T12:08:03","slug":"politica-de-privacidade","status":"publish","type":"page","link":"https:\/\/arkosps.com\/pt-pt\/politica-de-privacidade\/","title":{"rendered":"Pol\u00edtica de privacidade"},"content":{"rendered":"<p>[et_pb_section fb_built=&#8221;1&#8243; _builder_version=&#8221;4.25.0&#8243; _module_preset=&#8221;default&#8221; global_colors_info=&#8221;{}&#8221;][et_pb_row _builder_version=&#8221;4.25.0&#8243; _module_preset=&#8221;default&#8221; global_colors_info=&#8221;{}&#8221;][et_pb_column type=&#8221;4_4&#8243; _builder_version=&#8221;4.25.0&#8243; _module_preset=&#8221;default&#8221; global_colors_info=&#8221;{}&#8221;][et_pb_text _builder_version=&#8221;4.25.0&#8243; _module_preset=&#8221;default&#8221; global_colors_info=&#8221;{}&#8221;]<\/p>\n<h1>POL\u00cdTICA DE PRIVACIDADE<\/h1>\n<p>[\/et_pb_text][\/et_pb_column][\/et_pb_row][et_pb_row _builder_version=&#8221;4.25.0&#8243; _module_preset=&#8221;default&#8221; global_colors_info=&#8221;{}&#8221;][et_pb_column type=&#8221;4_4&#8243; _builder_version=&#8221;4.25.0&#8243; _module_preset=&#8221;default&#8221; global_colors_info=&#8221;{}&#8221;][et_pb_text _builder_version=&#8221;4.25.0&#8243; _module_preset=&#8221;default&#8221; text_font=&#8221;Roboto|300|||||||&#8221; text_text_color=&#8221;#0a0a0a&#8221; text_font_size=&#8221;15px&#8221; hover_enabled=&#8221;0&#8243; global_colors_info=&#8221;{}&#8221; sticky_enabled=&#8221;0&#8243;]<\/p>\n<p>ARKO SPS, S.L.U. com o c\u00f3digo de identifica\u00e7\u00e3o fiscal B97625024 com endere\u00e7o C\/SANTA GENOVEVA TORRES, 17 CP:46019 VALENCIA \u00e9 o propriet\u00e1rio do site www.arkosps.com e \u00e9 respons\u00e1vel pelo tratamento dos dados pessoais fornecidos pelos utilizadores atrav\u00e9s deste site.<\/p>\n<p>A ARKO SPS, S.L.U. informa os utilizadores deste s\u00edtio Web sobre a sua pol\u00edtica em mat\u00e9ria de tratamento e prote\u00e7\u00e3o dos dados pessoais dos utilizadores e clientes que possam ser obtidos atrav\u00e9s da navega\u00e7\u00e3o e utiliza\u00e7\u00e3o deste s\u00edtio Web.<\/p>\n<p>O objetivo deste documento \u00e9 informar os utilizadores sobre o que fazemos com os seus dados pessoais, como s\u00e3o recolhidos, para que s\u00e3o utilizados, os direitos que lhes assistem e toda a informa\u00e7\u00e3o necess\u00e1ria estabelecida pela legisla\u00e7\u00e3o em vigor. Ao utilizar este s\u00edtio Web, entendemos que leste e compreendeste a informa\u00e7\u00e3o apresentada em rela\u00e7\u00e3o ao tratamento dos teus dados pessoais, especificamente o tratamento dos dados dos utilizadores e\/ou dos seus representantes legais.<\/p>\n<p>D<strong>ados recolhidos, finalidade e licitude<\/strong> Os dados pessoais tratados s\u00e3o os fornecidos pelos utilizadores atrav\u00e9s dos formul\u00e1rios ou do e-mail administracion@arkosps.com dispon\u00edveis neste site e s\u00e3o os m\u00ednimos necess\u00e1rios para poder enviar-te informa\u00e7\u00e3o sobre os nossos servi\u00e7os e qualquer outra gest\u00e3o derivada da presta\u00e7\u00e3o do servi\u00e7o realizado atrav\u00e9s deste site.<\/p>\n<p>Estas finalidades baseiam-se em princ\u00edpios legais para o tratamento de dados recolhidos ao abrigo da legisla\u00e7\u00e3o em vigor: para a execu\u00e7\u00e3o de um contrato ou a presta\u00e7\u00e3o de um servi\u00e7o aos utilizadores, para o cumprimento de obriga\u00e7\u00f5es legais, por interesse leg\u00edtimo e com o consentimento dos utilizadores.<\/p>\n<p>D<strong>ados pessoais requeridos por<\/strong> Para podermos prestar os nossos servi\u00e7os, necessitamos de determinados dados de identifica\u00e7\u00e3o em fun\u00e7\u00e3o do servi\u00e7o que o s\u00edtio Web presta:<\/p>\n<p>*Para o formul\u00e1rio de contacto: &#8211; e-mail: para poder responder \u00e0 consulta &#8211; nome: para poder responder \u00e0 consulta &#8211; telefone: para poder responder \u00e0 consulta<\/p>\n<p>Trabalhamos apenas com os dados de identifica\u00e7\u00e3o m\u00ednimos para realizar o nosso trabalho.<\/p>\n<p>O<strong>pera\u00e7\u00f5es efectuadas com dados pessoais<\/strong> Os dados pessoais s\u00e3o registados atrav\u00e9s do s\u00edtio Web e armazenados em suportes electr\u00f3nicos controlados e supervisionados pelo respons\u00e1vel pelo tratamento.<br \/>\n<br \/>Os suportes est\u00e3o equipados com as medidas t\u00e9cnicas e organizacionais necess\u00e1rias para garantir a devida confidencialidade no tratamento dos dados. O pessoal envolvido nas opera\u00e7\u00f5es de tratamento de dados: acesso, edi\u00e7\u00e3o, elimina\u00e7\u00e3o, etc&#8230; est\u00e1 formado e empenhado na nossa pol\u00edtica de prote\u00e7\u00e3o de dados. <\/p>\n<p>Em conformidade com o disposto na Lei 34\/2002, de Servi\u00e7os da Sociedade da Informa\u00e7\u00e3o e do Com\u00e9rcio Eletr\u00f3nico no seu artigo 21, solicitamos o teu consentimento para poder enviar comunica\u00e7\u00f5es publicit\u00e1rias que consideremos possam ser do teu interesse, por correio eletr\u00f3nico ou por qualquer outro meio de comunica\u00e7\u00e3o eletr\u00f3nica equivalente, este consentimento.<\/p>\n<p>C<strong>onserva\u00e7\u00e3o dos dados<\/strong> Os dados pessoais ser\u00e3o conservados durante o tempo necess\u00e1rio para cumprir o objetivo\/objectivos para os quais foram recolhidos.<br \/>\n<br \/>Assim, conservaremos os teus dados pessoais enquanto existir uma rela\u00e7\u00e3o contratual e\/ou comercial contigo ou enquanto n\u00e3o exerceres o teu direito de supress\u00e3o, cancelamento e\/ou limita\u00e7\u00e3o do tratamento dos teus dados. Nestes casos, manteremos a informa\u00e7\u00e3o devidamente bloqueada, sem fazer qualquer uso da mesma, enquanto possa ser necess\u00e1ria para o exerc\u00edcio ou defesa de reclama\u00e7\u00f5es ou possa derivar algum tipo de responsabilidade judicial, legal ou contratual do seu tratamento, que deva ser atendida e para a qual seja necess\u00e1ria a sua recupera\u00e7\u00e3o. <\/p>\n<p>P<strong>rote\u00e7\u00e3o de menores<\/strong> As crian\u00e7as com menos de 14 anos n\u00e3o podem dar o seu consentimento para que uma empresa recolha e trate os seus dados pessoais; apenas os seus representantes legais (pais ou tutores) o podem fazer em seu nome.<br \/>\nAs empresas que necessitem de tratar dados de crian\u00e7as com menos de 14 anos devem dispor de meios para obter o consentimento dos pais ou tutores, por exemplo, enviando uma mensagem de correio eletr\u00f3nico aos pais ou tutores com uma liga\u00e7\u00e3o para um formul\u00e1rio eletr\u00f3nico.<br \/>\nN\u00e3o podem ser solicitados dados familiares a crian\u00e7as com menos de 14 anos, sendo a \u00fanica exce\u00e7\u00e3o a identifica\u00e7\u00e3o e os dados de contacto dos pais ou tutores.  <\/p>\n<p>D<strong>estinat\u00e1rios dos teus dados pessoais<\/strong> Informamos os utilizadores de que os seus dados pessoais n\u00e3o ser\u00e3o comunicados a terceiros, com a exce\u00e7\u00e3o de que essa comunica\u00e7\u00e3o de dados est\u00e1 abrangida por uma obriga\u00e7\u00e3o legal ou quando, para a boa presta\u00e7\u00e3o do servi\u00e7o ou a execu\u00e7\u00e3o do contrato, \u00e9 necess\u00e1rio comunicar os teus dados a outros respons\u00e1veis pelo tratamento de dados, como outras empresas do grupo, processadores de dados.<br \/>Empresas e entidades e outras organiza\u00e7\u00f5es contratadas para prestar servi\u00e7os tais como: alojamento, servi\u00e7os de marketing, comunica\u00e7\u00e3o, conce\u00e7\u00e3o de plataformas e servi\u00e7os da sociedade da informa\u00e7\u00e3o.<br \/>Neg\u00f3cios, empresas ou outras organiza\u00e7\u00f5es a quem nos tenhas pedido ou concordado que podemos partilhar os teus dados pessoais.<\/p>\n<p>Empresas ou outras organiza\u00e7\u00f5es relacionadas com a ARKO SPS, S.L.U identificadas no s\u00edtio Web: www.arkosps.com.<\/p>\n<p>Prestadores de servi\u00e7os profissionais, tais como advogados, solicitadores, not\u00e1rios, conservadores ou outros profissionais semelhantes.<\/p>\n<p>Organismos p\u00fablicos, tribunais, entidades reguladoras e outras autoridades administrativas, quando acreditamos que \u00e9 necess\u00e1rio para cumprir uma obriga\u00e7\u00e3o legal ou regulamentar, ou para proteger contra reclama\u00e7\u00f5es contra n\u00f3s ou terceiros, ou a seguran\u00e7a de indiv\u00edduos, bem como para prevenir, ou de outra forma combater, a fraude ou por raz\u00f5es de seguran\u00e7a ou prote\u00e7\u00e3o.<br \/>Nos casos em que a comunica\u00e7\u00e3o de dados a terceiros n\u00e3o esteja abrangida pelas bases legais estabelecidas na sec\u00e7\u00e3o anterior, a comunica\u00e7\u00e3o de dados a outros destinat\u00e1rios s\u00f3 ter\u00e1 lugar se o utilizador tiver dado o seu consentimento expresso.<\/p>\n<p>A ARKO SPS, S.L.U. mant\u00e9m crit\u00e9rios rigorosos para a sele\u00e7\u00e3o dos respons\u00e1veis pelo tratamento de dados e compromete-se contratualmente com cada um deles a cumprir e a fazer cumprir as obriga\u00e7\u00f5es estabelecidas em mat\u00e9ria de prote\u00e7\u00e3o de dados.<\/p>\n<p>E<strong>xerc\u00edcio de direitos<\/strong> Em conformidade com os direitos conferidos pela legisla\u00e7\u00e3o em vigor em mat\u00e9ria de prote\u00e7\u00e3o de dados pessoais, os utilizadores podem exercer os seus direitos de acesso, retifica\u00e7\u00e3o, limita\u00e7\u00e3o do tratamento, supress\u00e3o, portabilidade e oposi\u00e7\u00e3o ao tratamento dos seus dados, enviando o seu pedido para o endere\u00e7o postal indicado ou para o endere\u00e7o eletr\u00f3nico administracion@arkosps.com.<\/p>\n<p>Para exercer os teus direitos, deves identificar-te apresentando o teu Documento Nacional de Identidade. Para qualquer reclama\u00e7\u00e3o que possas fazer, contacta o mesmo endere\u00e7o de correio eletr\u00f3nico indicado acima.<br \/>\nTamb\u00e9m podes contactar a Ag\u00eancia Espanhola de Prote\u00e7\u00e3o de Dados: www.agpd.es <\/p>\n<p>[\/et_pb_text][\/et_pb_column][\/et_pb_row][\/et_pb_section]<\/p>\n","protected":false},"excerpt":{"rendered":"<p>POL\u00cdTICA DE PRIVACIDADEARKO SPS, S.L.U. com o c\u00f3digo de identifica\u00e7\u00e3o fiscal B97625024 com endere\u00e7o C\/SANTA GENOVEVA TORRES, 17 CP:46019 VALENCIA \u00e9 o propriet\u00e1rio do site www.arkosps.com e \u00e9 respons\u00e1vel pelo tratamento dos dados pessoais fornecidos pelos utilizadores atrav\u00e9s deste site. A ARKO SPS, S.L.U. informa os utilizadores deste s\u00edtio Web sobre a sua pol\u00edtica em [&hellip;]<\/p>\n","protected":false},"author":1,"featured_media":0,"parent":0,"menu_order":0,"comment_status":"closed","ping_status":"closed","template":"","meta":{"_et_pb_use_builder":"on","_et_pb_old_content":"","_et_gb_content_width":"","footnotes":""},"class_list":["post-688","page","type-page","status-publish","hentry"],"_links":{"self":[{"href":"https:\/\/arkosps.com\/pt-pt\/wp-json\/wp\/v2\/pages\/688","targetHints":{"allow":["GET"]}}],"collection":[{"href":"https:\/\/arkosps.com\/pt-pt\/wp-json\/wp\/v2\/pages"}],"about":[{"href":"https:\/\/arkosps.com\/pt-pt\/wp-json\/wp\/v2\/types\/page"}],"author":[{"embeddable":true,"href":"https:\/\/arkosps.com\/pt-pt\/wp-json\/wp\/v2\/users\/1"}],"replies":[{"embeddable":true,"href":"https:\/\/arkosps.com\/pt-pt\/wp-json\/wp\/v2\/comments?post=688"}],"version-history":[{"count":5,"href":"https:\/\/arkosps.com\/pt-pt\/wp-json\/wp\/v2\/pages\/688\/revisions"}],"predecessor-version":[{"id":698,"href":"https:\/\/arkosps.com\/pt-pt\/wp-json\/wp\/v2\/pages\/688\/revisions\/698"}],"wp:attachment":[{"href":"https:\/\/arkosps.com\/pt-pt\/wp-json\/wp\/v2\/media?parent=688"}],"curies":[{"name":"wp","href":"https:\/\/api.w.org\/{rel}","templated":true}]}}